{"id":885,"date":"2025-08-29T11:07:38","date_gmt":"2025-08-29T09:07:38","guid":{"rendered":"https:\/\/stbarthsofsweden.se\/histoire-de-marius\/"},"modified":"2025-12-11T11:47:53","modified_gmt":"2025-12-11T10:47:53","slug":"histoire-de-marius","status":"publish","type":"page","link":"https:\/\/stbarthsofsweden.se\/fr\/histoire-de-marius\/","title":{"rendered":"Histoire de Marius"},"content":{"rendered":"\t\t<div data-elementor-type=\"wp-page\" data-elementor-id=\"885\" class=\"elementor elementor-885 elementor-467\" data-elementor-post-type=\"page\">\n\t\t\t\t<div class=\"elementor-element elementor-element-419e6f2 pad-tb-l e-flex e-con-boxed e-con e-parent\" data-id=\"419e6f2\" data-element_type=\"container\">\n\t\t\t\t\t<div class=\"e-con-inner\">\n\t\t<div class=\"elementor-element elementor-element-440c57b e-con-full e-flex e-con e-child\" data-id=\"440c57b\" data-element_type=\"container\">\n\t\t\t\t<div class=\"elementor-element elementor-element-686df58 elementor-widget elementor-widget-heading\" data-id=\"686df58\" data-element_type=\"widget\" data-widget_type=\"heading.default\">\n\t\t\t\t<div class=\"elementor-widget-container\">\n\t\t\t\t\t<h1 class=\"elementor-heading-title elementor-size-default\">Qui \u00e9tait Marius Stakelborough ?<\/h1>\t\t\t\t<\/div>\n\t\t\t\t<\/div>\n\t\t\t\t<div class=\"elementor-element elementor-element-3ca5902 elementor-widget elementor-widget-text-editor\" data-id=\"3ca5902\" data-element_type=\"widget\" data-widget_type=\"text-editor.default\">\n\t\t\t\t<div class=\"elementor-widget-container\">\n\t\t\t\t\t\t\t\t\t<p>Avez-vous entendu parler de l&rsquo;ancienne \u00eele su\u00e9doise de Saint-Barth\u00e9lemy ? Si c&rsquo;est le cas, c&rsquo;est probablement le m\u00e9rite de Marius Stakelborough. En sauvegardant l&rsquo;h\u00e9ritage du pass\u00e9, il a attir\u00e9 l&rsquo;attention sur le patrimoine su\u00e9dois. Chaque fois qu&rsquo;un Su\u00e9dois a d\u00e9barqu\u00e9 sur l&rsquo;\u00eele, il l&rsquo;a trait\u00e9 comme un membre de sa famille. Des contacts ont \u00e9t\u00e9 \u00e9tablis et travaillent \u00e0 faire conna\u00eetre cette petite \u00eele exclusive sur la carte de tous les citoyens su\u00e9dois. Au bar Marius \u00ab\u00a0Le Select\u00a0\u00bb, l&rsquo;h\u00e9ritage su\u00e9dois est tr\u00e8s pr\u00e9sent ; l&rsquo;int\u00e9rieur est rempli de panneaux, d&rsquo;affiches, de photos et de lettres en rapport avec la Su\u00e8de.    <\/p>\t\t\t\t\t\t\t\t<\/div>\n\t\t\t\t<\/div>\n\t\t\t\t<\/div>\n\t\t\t\t<div class=\"elementor-element elementor-element-d7983f6 elementor-widget__width-initial elementor-widget elementor-widget-image\" data-id=\"d7983f6\" data-element_type=\"widget\" data-widget_type=\"image.default\">\n\t\t\t\t<div class=\"elementor-widget-container\">\n\t\t\t\t\t\t\t\t\t\t\t\t\t\t\t<img loading=\"lazy\" decoding=\"async\" width=\"1920\" height=\"2560\" src=\"https:\/\/stbarthsofsweden.se\/wp-content\/uploads\/21.4-Marius-Le-Select-Marius-1-scaled.webp\" class=\"attachment-large size-large wp-image-667\" alt=\"Marius Stakelborough\" srcset=\"https:\/\/stbarthsofsweden.se\/wp-content\/uploads\/21.4-Marius-Le-Select-Marius-1-scaled.webp 1920w, https:\/\/stbarthsofsweden.se\/wp-content\/uploads\/21.4-Marius-Le-Select-Marius-1-768x1024.webp 768w, https:\/\/stbarthsofsweden.se\/wp-content\/uploads\/21.4-Marius-Le-Select-Marius-1-1152x1536.webp 1152w, https:\/\/stbarthsofsweden.se\/wp-content\/uploads\/21.4-Marius-Le-Select-Marius-1-1536x2048.webp 1536w\" sizes=\"auto, (max-width: 1920px) 100vw, 1920px\" \/>\t\t\t\t\t\t\t\t\t\t\t\t\t\t\t<\/div>\n\t\t\t\t<\/div>\n\t\t<div class=\"elementor-element elementor-element-44d205a e-con-full e-flex e-con e-child\" data-id=\"44d205a\" data-element_type=\"container\">\n\t\t\t\t<div class=\"elementor-element elementor-element-32808a8 elementor-widget elementor-widget-heading\" data-id=\"32808a8\" data-element_type=\"widget\" data-widget_type=\"heading.default\">\n\t\t\t\t<div class=\"elementor-widget-container\">\n\t\t\t\t\t<h2 class=\"elementor-heading-title elementor-size-default\">L'\u00e9ducation d'un homme noir et pauvre<\/h2>\t\t\t\t<\/div>\n\t\t\t\t<\/div>\n\t\t\t\t<div class=\"elementor-element elementor-element-3df4f1a elementor-widget elementor-widget-text-editor\" data-id=\"3df4f1a\" data-element_type=\"widget\" data-widget_type=\"text-editor.default\">\n\t\t\t\t<div class=\"elementor-widget-container\">\n\t\t\t\t\t\t\t\t\t<p>Le 5 juin 1923, Marius na\u00eet dans un monde qui semble plein de probl\u00e8mes et d&rsquo;\u00e9checs. Ses parents n&rsquo;\u00e9taient pas mari\u00e9s, ils ne vivaient m\u00eame pas ensemble, mais ils avaient tout de m\u00eame deux enfants. Le p\u00e8re Adrien Stakelborough voulait donner son nom de famille aux deux enfants, mais la m\u00e8re Yvonne Sibilly a voulu que seul Marius porte le nom de famille, une d\u00e9cision qui a eu un impact important sur l&rsquo;\u00eele. Son fr\u00e8re Philibert a donc \u00e9t\u00e9 pr\u00e9nomm\u00e9 Sibilly.   <\/p><p> <\/p><p>Lorsque Marius avait cinq ans et Philibert deux ans, ils ont d\u00e9m\u00e9nag\u00e9 avec leur m\u00e8re en Guadeloupe, o\u00f9 les enfants ont \u00e9t\u00e9 \u00e9lev\u00e9s par leur grand-m\u00e8re. Leur grand-m\u00e8re avait beaucoup de mal \u00e0 gagner de l&rsquo;argent et les enfants l&rsquo;aidaient toujours \u00e0 vendre aux bateaux les fruits que les paysans n&rsquo;avaient pas pu \u00e9couler. En outre, ils l&rsquo;aidaient \u00e0 faire les diff\u00e9rents m\u00e9nages n\u00e9cessaires. Ils \u00e9taient si pauvres qu&rsquo;il \u00e9tait rare qu&rsquo;on leur serve le d\u00e9jeuner et le d\u00eener et les chaussures \u00e9taient un luxe que l&rsquo;on utilisait pour aller \u00e0 l&rsquo;\u00e9glise. \u00c0 la fin des mois, il n&rsquo;y avait g\u00e9n\u00e9ralement aucun dollar dans la caisse, et il fallait alors compter sur les lettres remplies d&rsquo;argent de parents des \u00eeles voisines pour pouvoir payer le loyer.    <\/p><p> <\/p><p>1929 Alors que Marius commen\u00e7ait \u00e0 \u00e9tudier, c&rsquo;est une cousine de son p\u00e8re, Vicky, qui, \u00e0 elle seule, a cr\u00e9\u00e9 une \u00e9cole pour les jeunes enfants de Gustavia. Vicky n&rsquo;\u00e9tait pas seulement l&rsquo;institutrice des enfants, elle aidait aussi les \u00e9l\u00e8ves qui vivaient trop loin de l&rsquo;\u00e9cole en les h\u00e9bergeant pendant les p\u00e9riodes scolaires. En 1932, alors que Marius fait sa premi\u00e8re communion avec des \u00e9l\u00e8ves blancs et noirs m\u00e9lang\u00e9s, Marius fait ses premi\u00e8res exp\u00e9riences de racisme. La plupart des gar\u00e7ons \u00e2g\u00e9s de neuf ans n&rsquo;avaient jamais c\u00f4toy\u00e9 de personnes d&rsquo;une autre couleur de peau, car ils vivaient dans des r\u00e9gions diff\u00e9rentes de l&rsquo;\u00eele. La controverse n&rsquo;\u00e9tait pas si \u00e9trange, car il n&rsquo;y a que 70 ans que l&rsquo;esclavage a pris fin et que la population noire a \u00e9t\u00e9 lib\u00e9r\u00e9e.    <\/p><p> <\/p><p>Lorsque Marius eut dix ans, son p\u00e8re Adrien en eut assez de l&rsquo;enseignement que recevaient ses fils et il transf\u00e9ra Marius et Philibert dans une \u00e9cole catholique qui portait le nom de Colombia. L&rsquo;\u00e9cole se trouvait dans la partie ouest de l&rsquo;\u00eele, une longue randonn\u00e9e, en d&rsquo;autres termes, sans chaussures. Marius est rest\u00e9 trois ans \u00e0 l&rsquo;\u00e9cole, jusqu&rsquo;\u00e0 ce qu&rsquo;il ait acquis toute la formation n\u00e9cessaire pour vivre sur l&rsquo;\u00eele. Apr\u00e8s avoir aid\u00e9 sa grand-m\u00e8re \u00e0 vendre du pain pendant un certain temps, les parents de Marius ont d\u00e9cid\u00e9 qu&rsquo;il devait apprendre un m\u00e9tier. Ils l&rsquo;ont envoy\u00e9 sur l&rsquo;\u00eele o\u00f9 sa m\u00e8re travaillait, en Guadeloupe, o\u00f9 il a commenc\u00e9 \u00e0 travailler comme apprenti menuisier qui fabriquait des meubles. Cela ne convenait pas du tout \u00e0 Marius, qui voulait prendre la mer et gagner son argent en tant que marin, et apr\u00e8s avoir beaucoup insist\u00e9, ses parents ont accept\u00e9 de le laisser travailler sur un bateau.     <\/p>\t\t\t\t\t\t\t\t<\/div>\n\t\t\t\t<\/div>\n\t\t\t\t<\/div>\n\t\t<div class=\"elementor-element elementor-element-aa2f253 e-con-full e-flex e-con e-child\" data-id=\"aa2f253\" data-element_type=\"container\">\n\t\t\t\t<div class=\"elementor-element elementor-element-3614b3b elementor-widget elementor-widget-heading\" data-id=\"3614b3b\" data-element_type=\"widget\" data-widget_type=\"heading.default\">\n\t\t\t\t<div class=\"elementor-widget-container\">\n\t\t\t\t\t<h1 class=\"elementor-heading-title elementor-size-default\">Marius et la mer<\/h1>\t\t\t\t<\/div>\n\t\t\t\t<\/div>\n\t\t\t\t<div class=\"elementor-element elementor-element-502f0d9 elementor-widget elementor-widget-text-editor\" data-id=\"502f0d9\" data-element_type=\"widget\" data-widget_type=\"text-editor.default\">\n\t\t\t\t<div class=\"elementor-widget-container\">\n\t\t\t\t\t\t\t\t\t<p>Marius s&rsquo;est vite rendu compte que le travail de marin lui convenait parfaitement. Travailler en \u00e9quipe et partager les b\u00e9n\u00e9fices entre fr\u00e8res, c&rsquo;\u00e9tait quelque chose qui lui convenait, car il pr\u00e9f\u00e9rait travailler avec les autres, ne pas donner d&rsquo;ordres et s&rsquo;approprier une plus grande part du g\u00e2teau. En m\u00eame temps, le travail de marin \u00e9tait quelque chose d&rsquo;amusant pour Marius, tout le trafic entre les \u00eeles \u00e0 cette \u00e9poque se faisait avec les bateaux, de sorte que chaque t\u00e2che \u00e9tait toujours un peu diff\u00e9rente. <\/p><p> <\/p><p>La poste a cr\u00e9\u00e9 les bateaux et c&rsquo;est aux marins, comme aux agriculteurs et aux habitants, qu&rsquo;ils pouvaient vendre leurs marchandises. Les bateaux \u00e9taient donc vitaux pour les \u00eeles autour de Saint-Barth\u00e9lemy. Marius a gagn\u00e9 sa vie en mer pendant 16 ans, \u00e0 l&rsquo;exception de 20 mois pendant la Seconde Guerre mondiale, o\u00f9 il a travaill\u00e9 comme volontaire pour les Am\u00e9ricains dans une base \u00e0 Saint-Thomas. N&rsquo;ayant suivi que l&rsquo;enseignement primaire, il a appris ce m\u00e9tier et, lorsqu&rsquo;il a pris sa retraite en tant que marin, il \u00e9tait qualifi\u00e9 pour travailler en tant que capitaine pour les voyages entre les \u00eeles, ce qui est tr\u00e8s impressionnant pour un homme qui a commenc\u00e9 par occuper un poste de gar\u00e7on de cuisine sur un navire.   <\/p>\t\t\t\t\t\t\t\t<\/div>\n\t\t\t\t<\/div>\n\t\t\t\t<\/div>\n\t\t\t\t<div class=\"elementor-element elementor-element-ca62a53 elementor-widget__width-initial elementor-widget elementor-widget-image\" data-id=\"ca62a53\" data-element_type=\"widget\" data-widget_type=\"image.default\">\n\t\t\t\t<div class=\"elementor-widget-container\">\n\t\t\t\t\t\t\t\t\t\t\t\t\t\t\t<img loading=\"lazy\" decoding=\"async\" width=\"866\" height=\"972\" src=\"https:\/\/stbarthsofsweden.se\/wp-content\/uploads\/Skarmavbild-2025-08-29-kl.-10.52.09.webp\" class=\"attachment-large size-large wp-image-669\" alt=\"Marius et la mer\" srcset=\"https:\/\/stbarthsofsweden.se\/wp-content\/uploads\/Skarmavbild-2025-08-29-kl.-10.52.09.webp 866w, https:\/\/stbarthsofsweden.se\/wp-content\/uploads\/Skarmavbild-2025-08-29-kl.-10.52.09-768x862.webp 768w\" sizes=\"auto, (max-width: 866px) 100vw, 866px\" \/>\t\t\t\t\t\t\t\t\t\t\t\t\t\t\t<\/div>\n\t\t\t\t<\/div>\n\t\t<div class=\"elementor-element elementor-element-1c5f3ef e-con-full e-flex e-con e-child\" data-id=\"1c5f3ef\" data-element_type=\"container\">\n\t\t\t\t<div class=\"elementor-element elementor-element-c79d764 elementor-widget elementor-widget-heading\" data-id=\"c79d764\" data-element_type=\"widget\" data-widget_type=\"heading.default\">\n\t\t\t\t<div class=\"elementor-widget-container\">\n\t\t\t\t\t<h2 class=\"elementor-heading-title elementor-size-default\">Marius l'entrepreneur<\/h2>\t\t\t\t<\/div>\n\t\t\t\t<\/div>\n\t\t\t\t<div class=\"elementor-element elementor-element-a563b8f elementor-widget elementor-widget-text-editor\" data-id=\"a563b8f\" data-element_type=\"widget\" data-widget_type=\"text-editor.default\">\n\t\t\t\t<div class=\"elementor-widget-container\">\n\t\t\t\t\t\t\t\t\t<p>Marius \u00e9tait un homme d&rsquo;opportunit\u00e9s, un homme d&rsquo;affaires, rien n&rsquo;\u00e9tait impossible, et dans toute sa vie, il a vu des opportunit\u00e9s, et non des probl\u00e8mes ou des limitations. C&rsquo;est en 1949 que Marius a ouvert le d\u00e9sormais c\u00e9l\u00e8bre bar Le Select \u00e0 Saint-Barth, tout simplement parce qu&rsquo;il n&rsquo;y en avait pas d&rsquo;autre sur l&rsquo;\u00eele et que les gens s&rsquo;y rendaient pour jouer aux dominos, boire une bi\u00e8re ou deux et discuter un peu. De plus en plus de gens venaient au bar et Le Select est rapidement devenu un lieu de rencontre sur l&rsquo;\u00eele pour les locaux et les marins.  <\/p>\t\t\t\t\t\t\t\t<\/div>\n\t\t\t\t<\/div>\n\t\t\t\t<\/div>\n\t\t<div class=\"elementor-element elementor-element-2eff656 e-con-full e-flex e-con e-child\" data-id=\"2eff656\" data-element_type=\"container\">\n\t\t\t\t<div class=\"elementor-element elementor-element-5e026f6 elementor-widget elementor-widget-heading\" data-id=\"5e026f6\" data-element_type=\"widget\" data-widget_type=\"heading.default\">\n\t\t\t\t<div class=\"elementor-widget-container\">\n\t\t\t\t\t<h1 class=\"elementor-heading-title elementor-size-default\">H\u00e9l\u00e8ne et la famille<\/h1>\t\t\t\t<\/div>\n\t\t\t\t<\/div>\n\t\t\t\t<div class=\"elementor-element elementor-element-3bd4f09 elementor-widget elementor-widget-text-editor\" data-id=\"3bd4f09\" data-element_type=\"widget\" data-widget_type=\"text-editor.default\">\n\t\t\t\t<div class=\"elementor-widget-container\">\n\t\t\t\t\t\t\t\t\t<p>M\u00eame si Marius a eu son lot de femmes dans sa vie, il n&rsquo;en a eu qu&rsquo;une seule, H\u00e9l\u00e8ne. Leur relation \u00e9tait comme tir\u00e9e d&rsquo;un film hollywoodien. Les parents d&rsquo;H\u00e9l\u00e8ne n&rsquo;appr\u00e9ciaient pas que leur fille, une mul\u00e2tresse tr\u00e8s brillante, rencontre un n\u00e8gre de trois ans son a\u00een\u00e9. Ils se sont donc rencontr\u00e9s pendant la sieste et se sont cach\u00e9s des petits mots sur la plage. Lorsque H\u00e9l\u00e8ne a atteint l&rsquo;\u00e2ge de 21 ans et qu&rsquo;elle a pu prendre ses propres d\u00e9cisions, elle a quitt\u00e9 ses parents et s&rsquo;est install\u00e9e avec Marius. Ils ont connu une p\u00e9riode tr\u00e8s difficile et ont \u00e9t\u00e9 contraints de vivre dans une cabane qui \u00e9tait constamment envahie par les crabes. Le bar \u00ab\u00a0Le Select\u00a0\u00bb est devenu leur refuge. Ils resteront ensemble pendant plus de 40 ans et auront neuf enfants.      <\/p><p> <\/p>\t\t\t\t\t\t\t\t<\/div>\n\t\t\t\t<\/div>\n\t\t\t\t<\/div>\n\t\t\t\t<div class=\"elementor-element elementor-element-5b05567 elementor-widget__width-initial elementor-widget elementor-widget-image\" data-id=\"5b05567\" data-element_type=\"widget\" data-widget_type=\"image.default\">\n\t\t\t\t<div class=\"elementor-widget-container\">\n\t\t\t\t\t\t\t\t\t\t\t\t\t\t\t<img loading=\"lazy\" decoding=\"async\" width=\"1600\" height=\"1200\" src=\"https:\/\/stbarthsofsweden.se\/wp-content\/uploads\/21.1-Le-Select-Marius.webp\" class=\"attachment-large size-large wp-image-659\" alt=\"Le Select Marius Stakelborough\" srcset=\"https:\/\/stbarthsofsweden.se\/wp-content\/uploads\/21.1-Le-Select-Marius.webp 1600w, https:\/\/stbarthsofsweden.se\/wp-content\/uploads\/21.1-Le-Select-Marius-768x576.webp 768w, https:\/\/stbarthsofsweden.se\/wp-content\/uploads\/21.1-Le-Select-Marius-1536x1152.webp 1536w\" sizes=\"auto, (max-width: 1600px) 100vw, 1600px\" \/>\t\t\t\t\t\t\t\t\t\t\t\t\t\t\t<\/div>\n\t\t\t\t<\/div>\n\t\t\t\t\t<\/div>\n\t\t\t\t<\/div>\n\t\t\t\t<\/div>\n\t\t","protected":false},"excerpt":{"rendered":"<p>Qui \u00e9tait Marius Stakelborough ? Avez-vous entendu parler de l&rsquo;ancienne \u00eele su\u00e9doise de Saint-Barth\u00e9lemy ? Si c&rsquo;est le cas, c&rsquo;est probablement le m\u00e9rite de Marius Stakelborough. En sauvegardant l&rsquo;h\u00e9ritage du pass\u00e9, il a attir\u00e9 l&rsquo;attention sur le patrimoine su\u00e9dois. Chaque fois qu&rsquo;un Su\u00e9dois a d\u00e9barqu\u00e9 sur l&rsquo;\u00eele, il l&rsquo;a trait\u00e9 comme un membre de sa [&hellip;]<\/p>\n","protected":false},"author":2,"featured_media":0,"parent":0,"menu_order":0,"comment_status":"closed","ping_status":"closed","template":"","meta":{"_acf_changed":false,"footnotes":""},"class_list":["post-885","page","type-page","status-publish","hentry"],"acf":[],"_links":{"self":[{"href":"https:\/\/stbarthsofsweden.se\/fr\/wp-json\/wp\/v2\/pages\/885","targetHints":{"allow":["GET"]}}],"collection":[{"href":"https:\/\/stbarthsofsweden.se\/fr\/wp-json\/wp\/v2\/pages"}],"about":[{"href":"https:\/\/stbarthsofsweden.se\/fr\/wp-json\/wp\/v2\/types\/page"}],"author":[{"embeddable":true,"href":"https:\/\/stbarthsofsweden.se\/fr\/wp-json\/wp\/v2\/users\/2"}],"replies":[{"embeddable":true,"href":"https:\/\/stbarthsofsweden.se\/fr\/wp-json\/wp\/v2\/comments?post=885"}],"version-history":[{"count":3,"href":"https:\/\/stbarthsofsweden.se\/fr\/wp-json\/wp\/v2\/pages\/885\/revisions"}],"predecessor-version":[{"id":1068,"href":"https:\/\/stbarthsofsweden.se\/fr\/wp-json\/wp\/v2\/pages\/885\/revisions\/1068"}],"wp:attachment":[{"href":"https:\/\/stbarthsofsweden.se\/fr\/wp-json\/wp\/v2\/media?parent=885"}],"curies":[{"name":"wp","href":"https:\/\/api.w.org\/{rel}","templated":true}]}}