{"id":876,"date":"2024-02-10T15:56:52","date_gmt":"2024-02-10T14:56:52","guid":{"rendered":"https:\/\/stbarthsofsweden.se\/demarrer\/"},"modified":"2025-12-11T11:46:02","modified_gmt":"2025-12-11T10:46:02","slug":"demarrer","status":"publish","type":"page","link":"https:\/\/stbarthsofsweden.se\/fr\/","title":{"rendered":"D\u00e9marrer"},"content":{"rendered":"\t\t<div data-elementor-type=\"wp-page\" data-elementor-id=\"876\" class=\"elementor elementor-876 elementor-8\" data-elementor-post-type=\"page\">\n\t\t\t\t<div class=\"elementor-element elementor-element-8d73bcf pad-tb-l e-flex e-con-boxed e-con e-parent\" data-id=\"8d73bcf\" data-element_type=\"container\" data-settings=\"{&quot;background_background&quot;:&quot;classic&quot;}\">\n\t\t\t\t\t<div class=\"e-con-inner\">\n\t\t<div class=\"elementor-element elementor-element-bd55059 e-con-full e-flex e-con e-child\" data-id=\"bd55059\" data-element_type=\"container\">\n\t\t\t\t<div class=\"elementor-element elementor-element-06b029a elementor-widget elementor-widget-heading\" data-id=\"06b029a\" data-element_type=\"widget\" data-widget_type=\"heading.default\">\n\t\t\t\t<div class=\"elementor-widget-container\">\n\t\t\t\t\t<h2 class=\"elementor-heading-title elementor-size-default\">L'histoire su\u00e9doise de Saint-Barth\u00e9lemy<\/h2>\t\t\t\t<\/div>\n\t\t\t\t<\/div>\n\t\t\t\t<div class=\"elementor-element elementor-element-ae5a92f elementor-widget elementor-widget-text-editor\" data-id=\"ae5a92f\" data-element_type=\"widget\" data-widget_type=\"text-editor.default\">\n\t\t\t\t<div class=\"elementor-widget-container\">\n\t\t\t\t\t\t\t\t\t<p>Plongez dans les liens qui unissent la Su\u00e8de \u00e0 Saint-Barth et d\u00e9couvrez comment cette petite \u00eele appartenait autrefois \u00e0 la Su\u00e8de. D\u00e9couvrez l&rsquo;impact durable de pr\u00e8s d&rsquo;un si\u00e8cle de domination su\u00e9doise, de 1784 \u00e0 1878, qui se manifeste encore aujourd&rsquo;hui dans l&rsquo;architecture et les noms de lieux de l&rsquo;\u00eele.<\/p>\t\t\t\t\t\t\t\t<\/div>\n\t\t\t\t<\/div>\n\t\t\t\t<\/div>\n\t\t\t\t<div class=\"elementor-element elementor-element-521223b elementor-widget__width-initial elementor-widget elementor-widget-image\" data-id=\"521223b\" data-element_type=\"widget\" data-widget_type=\"image.default\">\n\t\t\t\t<div class=\"elementor-widget-container\">\n\t\t\t\t\t\t\t\t\t\t\t\t\t\t\t<img loading=\"lazy\" decoding=\"async\" width=\"662\" height=\"500\" src=\"https:\/\/stbarthsofsweden.se\/wp-content\/uploads\/Logga.png\" class=\"attachment-large size-large wp-image-648\" alt=\"Logo ST Barths of Sweden\" \/>\t\t\t\t\t\t\t\t\t\t\t\t\t\t\t<\/div>\n\t\t\t\t<\/div>\n\t\t\t\t\t<\/div>\n\t\t\t\t<\/div>\n\t\t<div class=\"elementor-element elementor-element-d1b4f2d pad-tb-l e-flex e-con-boxed e-con e-parent\" data-id=\"d1b4f2d\" data-element_type=\"container\" data-settings=\"{&quot;background_background&quot;:&quot;classic&quot;}\">\n\t\t\t\t\t<div class=\"e-con-inner\">\n\t\t<div class=\"elementor-element elementor-element-02cebfa e-con-full pad-s e-flex e-con e-child\" data-id=\"02cebfa\" data-element_type=\"container\" data-settings=\"{&quot;background_background&quot;:&quot;classic&quot;}\">\n\t\t\t\t<div class=\"elementor-element elementor-element-cc8e7e3 elementor-widget__width-inherit elementor-widget elementor-widget-image\" data-id=\"cc8e7e3\" data-element_type=\"widget\" data-widget_type=\"image.default\">\n\t\t\t\t<div class=\"elementor-widget-container\">\n\t\t\t\t\t\t\t\t\t\t\t\t\t\t\t<img loading=\"lazy\" decoding=\"async\" width=\"1200\" height=\"900\" src=\"https:\/\/stbarthsofsweden.se\/wp-content\/uploads\/Vanadis-Omslagsbild.webp\" class=\"attachment-large size-large wp-image-653\" alt=\"Place Vanadis\" srcset=\"https:\/\/stbarthsofsweden.se\/wp-content\/uploads\/Vanadis-Omslagsbild.webp 1200w, https:\/\/stbarthsofsweden.se\/wp-content\/uploads\/Vanadis-Omslagsbild-768x576.webp 768w\" sizes=\"auto, (max-width: 1200px) 100vw, 1200px\" \/>\t\t\t\t\t\t\t\t\t\t\t\t\t\t\t<\/div>\n\t\t\t\t<\/div>\n\t\t\t\t<div class=\"elementor-element elementor-element-589e3c6 elementor-widget elementor-widget-heading\" data-id=\"589e3c6\" data-element_type=\"widget\" data-widget_type=\"heading.default\">\n\t\t\t\t<div class=\"elementor-widget-container\">\n\t\t\t\t\t<h2 class=\"elementor-heading-title elementor-size-default\">Monuments historiques<\/h2>\t\t\t\t<\/div>\n\t\t\t\t<\/div>\n\t\t\t\t<div class=\"elementor-element elementor-element-55e14f5 elementor-widget elementor-widget-text-editor\" data-id=\"55e14f5\" data-element_type=\"widget\" data-widget_type=\"text-editor.default\">\n\t\t\t\t<div class=\"elementor-widget-container\">\n\t\t\t\t\t\t\t\t\t<p>Explorez tous les monuments historiques que Saint-Barth a \u00e0 offrir gr\u00e2ce \u00e0 notre site web facile \u00e0 utiliser.<\/p><p> <\/p>\t\t\t\t\t\t\t\t<\/div>\n\t\t\t\t<\/div>\n\t\t\t\t<div class=\"elementor-element elementor-element-b6b0597 elementor-icon-list--layout-traditional elementor-list-item-link-full_width elementor-widget elementor-widget-icon-list\" data-id=\"b6b0597\" data-element_type=\"widget\" data-widget_type=\"icon-list.default\">\n\t\t\t\t<div class=\"elementor-widget-container\">\n\t\t\t\t\t\t\t<ul class=\"elementor-icon-list-items\">\n\t\t\t\t\t\t\t<li class=\"elementor-icon-list-item\">\n\t\t\t\t\t\t\t\t\t\t\t<a href=\"https:\/\/stbarthsofsweden.se\/en\/monuments\/\">\n\n\t\t\t\t\t\t\t\t\t\t\t<span class=\"elementor-icon-list-text\">En savoir plus<\/span>\n\t\t\t\t\t\t\t\t\t\t\t<\/a>\n\t\t\t\t\t\t\t\t\t<\/li>\n\t\t\t\t\t\t<\/ul>\n\t\t\t\t\t\t<\/div>\n\t\t\t\t<\/div>\n\t\t\t\t<\/div>\n\t\t<div class=\"elementor-element elementor-element-f2f2acc e-con-full pad-s e-flex e-con e-child\" data-id=\"f2f2acc\" data-element_type=\"container\" data-settings=\"{&quot;background_background&quot;:&quot;classic&quot;}\">\n\t\t\t\t<div class=\"elementor-element elementor-element-7e2109a elementor-widget__width-inherit elementor-widget elementor-widget-image\" data-id=\"7e2109a\" data-element_type=\"widget\" data-widget_type=\"image.default\">\n\t\t\t\t<div class=\"elementor-widget-container\">\n\t\t\t\t\t\t\t\t\t\t\t\t\t\t\t<img loading=\"lazy\" decoding=\"async\" width=\"2560\" height=\"1920\" src=\"https:\/\/stbarthsofsweden.se\/wp-content\/uploads\/32.1-Shell-Beach-scaled.webp\" class=\"attachment-large size-large wp-image-655\" alt=\"Plage de Shell\" srcset=\"https:\/\/stbarthsofsweden.se\/wp-content\/uploads\/32.1-Shell-Beach-scaled.webp 2560w, https:\/\/stbarthsofsweden.se\/wp-content\/uploads\/32.1-Shell-Beach-768x576.webp 768w, https:\/\/stbarthsofsweden.se\/wp-content\/uploads\/32.1-Shell-Beach-1536x1152.webp 1536w, https:\/\/stbarthsofsweden.se\/wp-content\/uploads\/32.1-Shell-Beach-2048x1536.webp 2048w\" sizes=\"auto, (max-width: 2560px) 100vw, 2560px\" \/>\t\t\t\t\t\t\t\t\t\t\t\t\t\t\t<\/div>\n\t\t\t\t<\/div>\n\t\t\t\t<div class=\"elementor-element elementor-element-474ec99 elementor-widget elementor-widget-heading\" data-id=\"474ec99\" data-element_type=\"widget\" data-widget_type=\"heading.default\">\n\t\t\t\t<div class=\"elementor-widget-container\">\n\t\t\t\t\t<h2 class=\"elementor-heading-title elementor-size-default\">Les meilleures plages<\/h2>\t\t\t\t<\/div>\n\t\t\t\t<\/div>\n\t\t\t\t<div class=\"elementor-element elementor-element-7cb9fa8 elementor-widget elementor-widget-text-editor\" data-id=\"7cb9fa8\" data-element_type=\"widget\" data-widget_type=\"text-editor.default\">\n\t\t\t\t<div class=\"elementor-widget-container\">\n\t\t\t\t\t\t\t\t\t<p>Naviguez parmi nos plages tri\u00e9es sur le volet qui se trouvent autour de l&rsquo;\u00eele de Saint-Barth. Les plus populaires et les joyaux cach\u00e9s.<\/p><p> <\/p>\t\t\t\t\t\t\t\t<\/div>\n\t\t\t\t<\/div>\n\t\t\t\t<div class=\"elementor-element elementor-element-a35d233 elementor-icon-list--layout-traditional elementor-list-item-link-full_width elementor-widget elementor-widget-icon-list\" data-id=\"a35d233\" data-element_type=\"widget\" data-widget_type=\"icon-list.default\">\n\t\t\t\t<div class=\"elementor-widget-container\">\n\t\t\t\t\t\t\t<ul class=\"elementor-icon-list-items\">\n\t\t\t\t\t\t\t<li class=\"elementor-icon-list-item\">\n\t\t\t\t\t\t\t\t\t\t\t<a href=\"https:\/\/stbarthsofsweden.se\/en\/beaches\/\">\n\n\t\t\t\t\t\t\t\t\t\t\t<span class=\"elementor-icon-list-text\">En savoir plus<\/span>\n\t\t\t\t\t\t\t\t\t\t\t<\/a>\n\t\t\t\t\t\t\t\t\t<\/li>\n\t\t\t\t\t\t<\/ul>\n\t\t\t\t\t\t<\/div>\n\t\t\t\t<\/div>\n\t\t\t\t<\/div>\n\t\t<div class=\"elementor-element elementor-element-f91766c e-con-full pad-s e-flex e-con e-child\" data-id=\"f91766c\" data-element_type=\"container\" data-settings=\"{&quot;background_background&quot;:&quot;classic&quot;}\">\n\t\t\t\t<div class=\"elementor-element elementor-element-91f16aa elementor-widget__width-inherit elementor-widget elementor-widget-image\" data-id=\"91f16aa\" data-element_type=\"widget\" data-widget_type=\"image.default\">\n\t\t\t\t<div class=\"elementor-widget-container\">\n\t\t\t\t\t\t\t\t\t\t\t\t\t\t\t<img loading=\"lazy\" decoding=\"async\" width=\"1176\" height=\"762\" src=\"https:\/\/stbarthsofsweden.se\/wp-content\/uploads\/8.1-Trahuset-e1757590915942.webp\" class=\"attachment-large size-large wp-image-657\" alt=\"La maison en bois\" srcset=\"https:\/\/stbarthsofsweden.se\/wp-content\/uploads\/8.1-Trahuset-e1757590915942.webp 1176w, https:\/\/stbarthsofsweden.se\/wp-content\/uploads\/8.1-Trahuset-e1757590915942-768x498.webp 768w\" sizes=\"auto, (max-width: 1176px) 100vw, 1176px\" \/>\t\t\t\t\t\t\t\t\t\t\t\t\t\t\t<\/div>\n\t\t\t\t<\/div>\n\t\t\t\t<div class=\"elementor-element elementor-element-df81fd6 elementor-widget elementor-widget-heading\" data-id=\"df81fd6\" data-element_type=\"widget\" data-widget_type=\"heading.default\">\n\t\t\t\t<div class=\"elementor-widget-container\">\n\t\t\t\t\t<h2 class=\"elementor-heading-title elementor-size-default\">L'histoire su\u00e9doise de Saint-Barth\u00e9lemy<\/h2>\t\t\t\t<\/div>\n\t\t\t\t<\/div>\n\t\t\t\t<div class=\"elementor-element elementor-element-ce78770 elementor-widget elementor-widget-text-editor\" data-id=\"ce78770\" data-element_type=\"widget\" data-widget_type=\"text-editor.default\">\n\t\t\t\t<div class=\"elementor-widget-container\">\n\t\t\t\t\t\t\t\t\t<p>Plongez dans les liens qui unissent la Su\u00e8de \u00e0 Saint-Barth et d\u00e9couvrez comment cette petite \u00eele appartenait autrefois \u00e0 la Su\u00e8de.<\/p><p> <\/p>\t\t\t\t\t\t\t\t<\/div>\n\t\t\t\t<\/div>\n\t\t\t\t<div class=\"elementor-element elementor-element-4ebd66b elementor-icon-list--layout-traditional elementor-list-item-link-full_width elementor-widget elementor-widget-icon-list\" data-id=\"4ebd66b\" data-element_type=\"widget\" data-widget_type=\"icon-list.default\">\n\t\t\t\t<div class=\"elementor-widget-container\">\n\t\t\t\t\t\t\t<ul class=\"elementor-icon-list-items\">\n\t\t\t\t\t\t\t<li class=\"elementor-icon-list-item\">\n\t\t\t\t\t\t\t\t\t\t\t<a href=\"https:\/\/stbarthsofsweden.se\/en\/st-barth-of-sweden\/\">\n\n\t\t\t\t\t\t\t\t\t\t\t<span class=\"elementor-icon-list-text\">En savoir plus<\/span>\n\t\t\t\t\t\t\t\t\t\t\t<\/a>\n\t\t\t\t\t\t\t\t\t<\/li>\n\t\t\t\t\t\t<\/ul>\n\t\t\t\t\t\t<\/div>\n\t\t\t\t<\/div>\n\t\t\t\t<\/div>\n\t\t<div class=\"elementor-element elementor-element-c3e8713 e-con-full pad-s e-flex e-con e-child\" data-id=\"c3e8713\" data-element_type=\"container\" data-settings=\"{&quot;background_background&quot;:&quot;classic&quot;}\">\n\t\t\t\t<div class=\"elementor-element elementor-element-b72bccc elementor-widget__width-inherit elementor-widget elementor-widget-image\" data-id=\"b72bccc\" data-element_type=\"widget\" data-widget_type=\"image.default\">\n\t\t\t\t<div class=\"elementor-widget-container\">\n\t\t\t\t\t\t\t\t\t\t\t\t\t\t\t<img loading=\"lazy\" decoding=\"async\" width=\"1600\" height=\"1200\" src=\"https:\/\/stbarthsofsweden.se\/wp-content\/uploads\/21.1-Le-Select-Marius.webp\" class=\"attachment-large size-large wp-image-659\" alt=\"Le Select Marius Stakelborough\" srcset=\"https:\/\/stbarthsofsweden.se\/wp-content\/uploads\/21.1-Le-Select-Marius.webp 1600w, https:\/\/stbarthsofsweden.se\/wp-content\/uploads\/21.1-Le-Select-Marius-768x576.webp 768w, https:\/\/stbarthsofsweden.se\/wp-content\/uploads\/21.1-Le-Select-Marius-1536x1152.webp 1536w\" sizes=\"auto, (max-width: 1600px) 100vw, 1600px\" \/>\t\t\t\t\t\t\t\t\t\t\t\t\t\t\t<\/div>\n\t\t\t\t<\/div>\n\t\t\t\t<div class=\"elementor-element elementor-element-f6b7fd0 elementor-widget elementor-widget-heading\" data-id=\"f6b7fd0\" data-element_type=\"widget\" data-widget_type=\"heading.default\">\n\t\t\t\t<div class=\"elementor-widget-container\">\n\t\t\t\t\t<h2 class=\"elementor-heading-title elementor-size-default\">Marius S. Histoire<\/h2>\t\t\t\t<\/div>\n\t\t\t\t<\/div>\n\t\t\t\t<div class=\"elementor-element elementor-element-013ea28 elementor-widget elementor-widget-text-editor\" data-id=\"013ea28\" data-element_type=\"widget\" data-widget_type=\"text-editor.default\">\n\t\t\t\t<div class=\"elementor-widget-container\">\n\t\t\t\t\t\t\t\t\t<p>D\u00e9couvrez comment ce pionnier a maintenu et sauvegard\u00e9 l&rsquo;histoire du pass\u00e9 su\u00e9dois sur l&rsquo;\u00eele.<\/p><p> <\/p>\t\t\t\t\t\t\t\t<\/div>\n\t\t\t\t<\/div>\n\t\t\t\t<div class=\"elementor-element elementor-element-5249294 elementor-icon-list--layout-traditional elementor-list-item-link-full_width elementor-widget elementor-widget-icon-list\" data-id=\"5249294\" data-element_type=\"widget\" data-widget_type=\"icon-list.default\">\n\t\t\t\t<div class=\"elementor-widget-container\">\n\t\t\t\t\t\t\t<ul class=\"elementor-icon-list-items\">\n\t\t\t\t\t\t\t<li class=\"elementor-icon-list-item\">\n\t\t\t\t\t\t\t\t\t\t\t<a href=\"https:\/\/stbarthsofsweden.se\/en\/marius-history\/\">\n\n\t\t\t\t\t\t\t\t\t\t\t<span class=\"elementor-icon-list-text\">En savoir plus<\/span>\n\t\t\t\t\t\t\t\t\t\t\t<\/a>\n\t\t\t\t\t\t\t\t\t<\/li>\n\t\t\t\t\t\t<\/ul>\n\t\t\t\t\t\t<\/div>\n\t\t\t\t<\/div>\n\t\t\t\t<\/div>\n\t\t\t\t\t<\/div>\n\t\t\t\t<\/div>\n\t\t\t\t<\/div>\n\t\t","protected":false},"excerpt":{"rendered":"<p>L&rsquo;histoire su\u00e9doise de Saint-Barth\u00e9lemy Plongez dans les liens qui unissent la Su\u00e8de \u00e0 Saint-Barth et d\u00e9couvrez comment cette petite \u00eele appartenait autrefois \u00e0 la Su\u00e8de. D\u00e9couvrez l&rsquo;impact durable de pr\u00e8s d&rsquo;un si\u00e8cle de domination su\u00e9doise, de 1784 \u00e0 1878, qui se manifeste encore aujourd&rsquo;hui dans l&rsquo;architecture et les noms de lieux de l&rsquo;\u00eele. Monuments historiques [&hellip;]<\/p>\n","protected":false},"author":1,"featured_media":0,"parent":0,"menu_order":0,"comment_status":"closed","ping_status":"closed","template":"","meta":{"_acf_changed":false,"footnotes":""},"class_list":["post-876","page","type-page","status-publish","hentry"],"acf":[],"_links":{"self":[{"href":"https:\/\/stbarthsofsweden.se\/fr\/wp-json\/wp\/v2\/pages\/876","targetHints":{"allow":["GET"]}}],"collection":[{"href":"https:\/\/stbarthsofsweden.se\/fr\/wp-json\/wp\/v2\/pages"}],"about":[{"href":"https:\/\/stbarthsofsweden.se\/fr\/wp-json\/wp\/v2\/types\/page"}],"author":[{"embeddable":true,"href":"https:\/\/stbarthsofsweden.se\/fr\/wp-json\/wp\/v2\/users\/1"}],"replies":[{"embeddable":true,"href":"https:\/\/stbarthsofsweden.se\/fr\/wp-json\/wp\/v2\/comments?post=876"}],"version-history":[{"count":9,"href":"https:\/\/stbarthsofsweden.se\/fr\/wp-json\/wp\/v2\/pages\/876\/revisions"}],"predecessor-version":[{"id":1139,"href":"https:\/\/stbarthsofsweden.se\/fr\/wp-json\/wp\/v2\/pages\/876\/revisions\/1139"}],"wp:attachment":[{"href":"https:\/\/stbarthsofsweden.se\/fr\/wp-json\/wp\/v2\/media?parent=876"}],"curies":[{"name":"wp","href":"https:\/\/api.w.org\/{rel}","templated":true}]}}