{"id":645,"date":"2025-09-03T14:23:14","date_gmt":"2025-09-03T12:23:14","guid":{"rendered":"https:\/\/stbarthsofsweden.se\/plages\/"},"modified":"2025-12-11T11:49:34","modified_gmt":"2025-12-11T10:49:34","slug":"plages","status":"publish","type":"page","link":"https:\/\/stbarthsofsweden.se\/fr\/plages\/","title":{"rendered":"Plages"},"content":{"rendered":"\t\t<div data-elementor-type=\"wp-page\" data-elementor-id=\"645\" class=\"elementor elementor-645 elementor-536\" data-elementor-post-type=\"page\">\n\t\t\t\t<div class=\"elementor-element elementor-element-f2bb281 pad-tb-l e-flex e-con-boxed e-con e-parent\" data-id=\"f2bb281\" data-element_type=\"container\">\n\t\t\t\t\t<div class=\"e-con-inner\">\n\t\t\t\t<div class=\"elementor-element elementor-element-def6ad9 pad-b-s elementor-widget elementor-widget-heading\" data-id=\"def6ad9\" data-element_type=\"widget\" data-widget_type=\"heading.default\">\n\t\t\t\t<div class=\"elementor-widget-container\">\n\t\t\t\t\t<h2 class=\"elementor-heading-title elementor-size-default\">Plages de St. Barths<\/h2>\t\t\t\t<\/div>\n\t\t\t\t<\/div>\n\t\t\t\t<div class=\"elementor-element elementor-element-9732006 elementor-grid-3 elementor-grid-tablet-2 elementor-grid-mobile-1 elementor-posts--thumbnail-top elementor-card-shadow-yes elementor-posts__hover-gradient load-more-align-center elementor-widget elementor-widget-posts\" data-id=\"9732006\" data-element_type=\"widget\" data-settings=\"{&quot;pagination_type&quot;:&quot;load_more_on_click&quot;,&quot;cards_columns&quot;:&quot;3&quot;,&quot;cards_columns_tablet&quot;:&quot;2&quot;,&quot;cards_columns_mobile&quot;:&quot;1&quot;,&quot;cards_row_gap&quot;:{&quot;unit&quot;:&quot;px&quot;,&quot;size&quot;:35,&quot;sizes&quot;:[]},&quot;cards_row_gap_tablet&quot;:{&quot;unit&quot;:&quot;px&quot;,&quot;size&quot;:&quot;&quot;,&quot;sizes&quot;:[]},&quot;cards_row_gap_mobile&quot;:{&quot;unit&quot;:&quot;px&quot;,&quot;size&quot;:&quot;&quot;,&quot;sizes&quot;:[]},&quot;load_more_spinner&quot;:{&quot;value&quot;:&quot;fas fa-spinner&quot;,&quot;library&quot;:&quot;fa-solid&quot;}}\" data-widget_type=\"posts.cards\">\n\t\t\t\t<div class=\"elementor-widget-container\">\n\t\t\t\t\t\t\t<div class=\"elementor-posts-container elementor-posts elementor-posts--skin-cards elementor-grid\" role=\"list\">\n\t\t\t\t<article class=\"elementor-post elementor-grid-item post-979 beach type-beach status-publish has-post-thumbnail hentry image-placement-centre\" role=\"listitem\">\n\t\t\t<div class=\"elementor-post__card\">\n\t\t\t\t<a class=\"elementor-post__thumbnail__link\" href=\"https:\/\/stbarthsofsweden.se\/fr\/beach\/baie-de-marigot\/\" tabindex=\"-1\" ><div class=\"elementor-post__thumbnail\"><img loading=\"lazy\" decoding=\"async\" width=\"700\" height=\"525\" src=\"https:\/\/stbarthsofsweden.se\/wp-content\/uploads\/marigot.webp\" class=\"attachment-medium size-medium wp-image-980\" alt=\"Baie de Marigot\" \/><\/div><\/a>\n\t\t\t\t<div class=\"elementor-post__text\">\n\t\t\t\t<h3 class=\"elementor-post__title\">\n\t\t\t<a href=\"https:\/\/stbarthsofsweden.se\/fr\/beach\/baie-de-marigot\/\" >\n\t\t\t\tBaie de Marigot\t\t\t<\/a>\n\t\t<\/h3>\n\t\t\t\t<div class=\"elementor-post__excerpt\">\n\t\t\t<p>Au nord-est de l&rsquo;\u00eele, vous trouverez la baie de Marigot, une petite baie pittoresque avec une belle plage. La baie de Marigot est une r\u00e9serve naturelle prot\u00e9g\u00e9e et un endroit\t\t<\/div>\n\t\t\n\t\t<a class=\"elementor-post__read-more\" href=\"https:\/\/stbarthsofsweden.se\/fr\/beach\/baie-de-marigot\/\" aria-label=\"En savoir plus sur Baie de Marigot\" tabindex=\"-1\" >\n\t\t\tLire la suite \"\t\t<\/a>\n\n\t\t\t\t<\/div>\n\t\t\t\t\t<\/div>\n\t\t<\/article>\n\t\t\t\t<article class=\"elementor-post elementor-grid-item post-967 beach type-beach status-publish has-post-thumbnail hentry image-placement-centre\" role=\"listitem\">\n\t\t\t<div class=\"elementor-post__card\">\n\t\t\t\t<a class=\"elementor-post__thumbnail__link\" href=\"https:\/\/stbarthsofsweden.se\/fr\/beach\/plage-de-saline\/\" tabindex=\"-1\" ><div class=\"elementor-post__thumbnail\"><img loading=\"lazy\" decoding=\"async\" width=\"2560\" height=\"1920\" src=\"https:\/\/stbarthsofsweden.se\/wp-content\/uploads\/34.1-Saline-scaled.webp\" class=\"attachment-medium size-medium wp-image-968\" alt=\"Plage de Saline\" srcset=\"https:\/\/stbarthsofsweden.se\/wp-content\/uploads\/34.1-Saline-scaled.webp 2560w, https:\/\/stbarthsofsweden.se\/wp-content\/uploads\/34.1-Saline-768x576.webp 768w, https:\/\/stbarthsofsweden.se\/wp-content\/uploads\/34.1-Saline-1536x1152.webp 1536w, https:\/\/stbarthsofsweden.se\/wp-content\/uploads\/34.1-Saline-2048x1536.webp 2048w\" sizes=\"auto, (max-width: 2560px) 100vw, 2560px\" \/><\/div><\/a>\n\t\t\t\t<div class=\"elementor-post__text\">\n\t\t\t\t<h3 class=\"elementor-post__title\">\n\t\t\t<a href=\"https:\/\/stbarthsofsweden.se\/fr\/beach\/plage-de-saline\/\" >\n\t\t\t\tPlage de Saline\t\t\t<\/a>\n\t\t<\/h3>\n\t\t\t\t<div class=\"elementor-post__excerpt\">\n\t\t\t<p>Saline Beach est souvent class\u00e9e parmi les plus belles plages du monde. La baie est une superbe \u00e9tendue de plage de sable blanc et l&rsquo;eau est cristalline. Il n&rsquo;y a\t\t<\/div>\n\t\t\n\t\t<a class=\"elementor-post__read-more\" href=\"https:\/\/stbarthsofsweden.se\/fr\/beach\/plage-de-saline\/\" aria-label=\"En savoir plus sur Plage de Saline\" tabindex=\"-1\" >\n\t\t\tLire la suite \"\t\t<\/a>\n\n\t\t\t\t<\/div>\n\t\t\t\t\t<\/div>\n\t\t<\/article>\n\t\t\t\t<article class=\"elementor-post elementor-grid-item post-963 beach type-beach status-publish has-post-thumbnail hentry image-placement-centre\" role=\"listitem\">\n\t\t\t<div class=\"elementor-post__card\">\n\t\t\t\t<a class=\"elementor-post__thumbnail__link\" href=\"https:\/\/stbarthsofsweden.se\/fr\/beach\/plage-de-lorient\/\" tabindex=\"-1\" ><div class=\"elementor-post__thumbnail\"><img loading=\"lazy\" decoding=\"async\" width=\"2560\" height=\"1920\" src=\"https:\/\/stbarthsofsweden.se\/wp-content\/uploads\/35.1-Lorient-scaled.webp\" class=\"attachment-medium size-medium wp-image-964\" alt=\"Plage de Lorient\" srcset=\"https:\/\/stbarthsofsweden.se\/wp-content\/uploads\/35.1-Lorient-scaled.webp 2560w, https:\/\/stbarthsofsweden.se\/wp-content\/uploads\/35.1-Lorient-768x576.webp 768w, https:\/\/stbarthsofsweden.se\/wp-content\/uploads\/35.1-Lorient-1536x1152.webp 1536w, https:\/\/stbarthsofsweden.se\/wp-content\/uploads\/35.1-Lorient-2048x1536.webp 2048w\" sizes=\"auto, (max-width: 2560px) 100vw, 2560px\" \/><\/div><\/a>\n\t\t\t\t<div class=\"elementor-post__text\">\n\t\t\t\t<h3 class=\"elementor-post__title\">\n\t\t\t<a href=\"https:\/\/stbarthsofsweden.se\/fr\/beach\/plage-de-lorient\/\" >\n\t\t\t\tPlage de Lorient\t\t\t<\/a>\n\t\t<\/h3>\n\t\t\t\t<div class=\"elementor-post__excerpt\">\n\t\t\t<p>Juste \u00e0 l&rsquo;est de Saint-Jean, vous trouverez la plage de Lorient, plus relaxante et d\u00e9contract\u00e9e. C&rsquo;est une plage populaire parmi les r\u00e9sidents locaux et c&rsquo;est un endroit id\u00e9al pour se\t\t<\/div>\n\t\t\n\t\t<a class=\"elementor-post__read-more\" href=\"https:\/\/stbarthsofsweden.se\/fr\/beach\/plage-de-lorient\/\" aria-label=\"En savoir plus sur Plage de Lorient\" tabindex=\"-1\" >\n\t\t\tLire la suite \"\t\t<\/a>\n\n\t\t\t\t<\/div>\n\t\t\t\t\t<\/div>\n\t\t<\/article>\n\t\t\t\t<article class=\"elementor-post elementor-grid-item post-960 beach type-beach status-publish has-post-thumbnail hentry image-placement-centre\" role=\"listitem\">\n\t\t\t<div class=\"elementor-post__card\">\n\t\t\t\t<a class=\"elementor-post__thumbnail__link\" href=\"https:\/\/stbarthsofsweden.se\/fr\/beach\/plage-de-colombier\/\" tabindex=\"-1\" ><div class=\"elementor-post__thumbnail\"><img loading=\"lazy\" decoding=\"async\" width=\"1647\" height=\"1062\" src=\"https:\/\/stbarthsofsweden.se\/wp-content\/uploads\/30.1-Colombier-beach--scaled.webp\" class=\"attachment-medium size-medium wp-image-685\" alt=\"Plage de Colombier\" \/><\/div><\/a>\n\t\t\t\t<div class=\"elementor-post__text\">\n\t\t\t\t<h3 class=\"elementor-post__title\">\n\t\t\t<a href=\"https:\/\/stbarthsofsweden.se\/fr\/beach\/plage-de-colombier\/\" >\n\t\t\t\tPlage de Colombier\t\t\t<\/a>\n\t\t<\/h3>\n\t\t\t\t<div class=\"elementor-post__excerpt\">\n\t\t\t<p>Cette plage isol\u00e9e se trouve \u00e0 l&rsquo;extr\u00e9mit\u00e9 nord-ouest de l&rsquo;\u00eele et porte souvent le nom de Rockfeller&rsquo;s beach. Cette plage est l&rsquo;une des plus belles de l&rsquo;\u00eele et le seul\t\t<\/div>\n\t\t\n\t\t<a class=\"elementor-post__read-more\" href=\"https:\/\/stbarthsofsweden.se\/fr\/beach\/plage-de-colombier\/\" aria-label=\"En savoir plus sur Plage de Colombier\" tabindex=\"-1\" >\n\t\t\tLire la suite \"\t\t<\/a>\n\n\t\t\t\t<\/div>\n\t\t\t\t\t<\/div>\n\t\t<\/article>\n\t\t\t\t<article class=\"elementor-post elementor-grid-item post-959 beach type-beach status-publish has-post-thumbnail hentry image-placement-centre\" role=\"listitem\">\n\t\t\t<div class=\"elementor-post__card\">\n\t\t\t\t<a class=\"elementor-post__thumbnail__link\" href=\"https:\/\/stbarthsofsweden.se\/fr\/beach\/grand-cul-de-sac\/\" tabindex=\"-1\" ><div class=\"elementor-post__thumbnail\"><img loading=\"lazy\" decoding=\"async\" width=\"1632\" height=\"1224\" src=\"https:\/\/stbarthsofsweden.se\/wp-content\/uploads\/IMG_1651.webp\" class=\"attachment-medium size-medium wp-image-681\" alt=\"Grand Cul de Sac\" srcset=\"https:\/\/stbarthsofsweden.se\/wp-content\/uploads\/IMG_1651.webp 1632w, https:\/\/stbarthsofsweden.se\/wp-content\/uploads\/IMG_1651-768x576.webp 768w, https:\/\/stbarthsofsweden.se\/wp-content\/uploads\/IMG_1651-1536x1152.webp 1536w\" sizes=\"auto, (max-width: 1632px) 100vw, 1632px\" \/><\/div><\/a>\n\t\t\t\t<div class=\"elementor-post__text\">\n\t\t\t\t<h3 class=\"elementor-post__title\">\n\t\t\t<a href=\"https:\/\/stbarthsofsweden.se\/fr\/beach\/grand-cul-de-sac\/\" >\n\t\t\t\tGrand Cul de Sac\t\t\t<\/a>\n\t\t<\/h3>\n\t\t\t\t<div class=\"elementor-post__excerpt\">\n\t\t\t<p>Si vous recherchez un endroit plus d\u00e9contract\u00e9 pour la plong\u00e9e avec tuba et la natation, Grand Cul de Sac est un choix parfait. C&rsquo;est l&rsquo;une des plages les plus longues\t\t<\/div>\n\t\t\n\t\t<a class=\"elementor-post__read-more\" href=\"https:\/\/stbarthsofsweden.se\/fr\/beach\/grand-cul-de-sac\/\" aria-label=\"En savoir plus sur Grand Cul de Sac\" tabindex=\"-1\" >\n\t\t\tLire la suite \"\t\t<\/a>\n\n\t\t\t\t<\/div>\n\t\t\t\t\t<\/div>\n\t\t<\/article>\n\t\t\t\t<article class=\"elementor-post elementor-grid-item post-865 beach type-beach status-publish has-post-thumbnail hentry image-placement-centre\" role=\"listitem\">\n\t\t\t<div class=\"elementor-post__card\">\n\t\t\t\t<a class=\"elementor-post__thumbnail__link\" href=\"https:\/\/stbarthsofsweden.se\/fr\/beach\/plage-des-flamands\/\" tabindex=\"-1\" ><div class=\"elementor-post__thumbnail\"><img loading=\"lazy\" decoding=\"async\" width=\"2560\" height=\"1920\" src=\"https:\/\/stbarthsofsweden.se\/wp-content\/uploads\/P1020328.webp\" class=\"attachment-medium size-medium wp-image-866\" alt=\"Plage des Flamands\" srcset=\"https:\/\/stbarthsofsweden.se\/wp-content\/uploads\/P1020328.webp 2560w, https:\/\/stbarthsofsweden.se\/wp-content\/uploads\/P1020328-768x576.webp 768w, https:\/\/stbarthsofsweden.se\/wp-content\/uploads\/P1020328-1536x1152.webp 1536w, https:\/\/stbarthsofsweden.se\/wp-content\/uploads\/P1020328-2048x1536.webp 2048w\" sizes=\"auto, (max-width: 2560px) 100vw, 2560px\" \/><\/div><\/a>\n\t\t\t\t<div class=\"elementor-post__text\">\n\t\t\t\t<h3 class=\"elementor-post__title\">\n\t\t\t<a href=\"https:\/\/stbarthsofsweden.se\/fr\/beach\/plage-des-flamands\/\" >\n\t\t\t\tPlage des Flamands\t\t\t<\/a>\n\t\t<\/h3>\n\t\t\t\t<div class=\"elementor-post__excerpt\">\n\t\t\t<p>Dans la partie la plus septentrionale de Saint-Barth, vous trouverez la plage de Flamands. Contrairement aux plages les plus \u00e0 la mode de Saint-Barth, cette plage est beaucoup plus calme.\t\t<\/div>\n\t\t\n\t\t<a class=\"elementor-post__read-more\" href=\"https:\/\/stbarthsofsweden.se\/fr\/beach\/plage-des-flamands\/\" aria-label=\"En savoir plus sur Plage des Flamands\" tabindex=\"-1\" >\n\t\t\tLire la suite \"\t\t<\/a>\n\n\t\t\t\t<\/div>\n\t\t\t\t\t<\/div>\n\t\t<\/article>\n\t\t\t\t<article class=\"elementor-post elementor-grid-item post-773 beach type-beach status-publish has-post-thumbnail hentry image-placement-centre\" role=\"listitem\">\n\t\t\t<div class=\"elementor-post__card\">\n\t\t\t\t<a class=\"elementor-post__thumbnail__link\" href=\"https:\/\/stbarthsofsweden.se\/fr\/beach\/plage-de-gouverneur\/\" tabindex=\"-1\" ><div class=\"elementor-post__thumbnail\"><img loading=\"lazy\" decoding=\"async\" width=\"2560\" height=\"1920\" src=\"https:\/\/stbarthsofsweden.se\/wp-content\/uploads\/332-Gouverneur-scaled.jpg\" class=\"attachment-medium size-medium wp-image-774\" alt=\"Plage de Gouverneur\" srcset=\"https:\/\/stbarthsofsweden.se\/wp-content\/uploads\/332-Gouverneur-scaled.jpg 2560w, https:\/\/stbarthsofsweden.se\/wp-content\/uploads\/332-Gouverneur-768x576.jpg 768w, https:\/\/stbarthsofsweden.se\/wp-content\/uploads\/332-Gouverneur-1536x1152.jpg 1536w, https:\/\/stbarthsofsweden.se\/wp-content\/uploads\/332-Gouverneur-2048x1536.jpg 2048w\" sizes=\"auto, (max-width: 2560px) 100vw, 2560px\" \/><\/div><\/a>\n\t\t\t\t<div class=\"elementor-post__text\">\n\t\t\t\t<h3 class=\"elementor-post__title\">\n\t\t\t<a href=\"https:\/\/stbarthsofsweden.se\/fr\/beach\/plage-de-gouverneur\/\" >\n\t\t\t\tPlage de Gouverneur\t\t\t<\/a>\n\t\t<\/h3>\n\t\t\t\t<div class=\"elementor-post__excerpt\">\n\t\t\t<p>La plage de Gouverneur est l&rsquo;une des plus belles de l&rsquo;\u00eele. Il n&rsquo;y a jamais de foule et c&rsquo;est l&rsquo;endroit id\u00e9al si vous recherchez la paix et la tranquillit\u00e9. Elle\t\t<\/div>\n\t\t\n\t\t<a class=\"elementor-post__read-more\" href=\"https:\/\/stbarthsofsweden.se\/fr\/beach\/plage-de-gouverneur\/\" aria-label=\"En savoir plus sur Plage de Gouverneur\" tabindex=\"-1\" >\n\t\t\tLire la suite \"\t\t<\/a>\n\n\t\t\t\t<\/div>\n\t\t\t\t\t<\/div>\n\t\t<\/article>\n\t\t\t\t<article class=\"elementor-post elementor-grid-item post-765 beach type-beach status-publish has-post-thumbnail hentry image-placement-centre\" role=\"listitem\">\n\t\t\t<div class=\"elementor-post__card\">\n\t\t\t\t<a class=\"elementor-post__thumbnail__link\" href=\"https:\/\/stbarthsofsweden.se\/fr\/beach\/plage-de-shell\/\" tabindex=\"-1\" ><div class=\"elementor-post__thumbnail\"><img loading=\"lazy\" decoding=\"async\" width=\"2560\" height=\"1920\" src=\"https:\/\/stbarthsofsweden.se\/wp-content\/uploads\/32.1-Shell-Beach-scaled.webp\" class=\"attachment-medium size-medium wp-image-655\" alt=\"Plage de Shell\" srcset=\"https:\/\/stbarthsofsweden.se\/wp-content\/uploads\/32.1-Shell-Beach-scaled.webp 2560w, https:\/\/stbarthsofsweden.se\/wp-content\/uploads\/32.1-Shell-Beach-768x576.webp 768w, https:\/\/stbarthsofsweden.se\/wp-content\/uploads\/32.1-Shell-Beach-1536x1152.webp 1536w, https:\/\/stbarthsofsweden.se\/wp-content\/uploads\/32.1-Shell-Beach-2048x1536.webp 2048w\" sizes=\"auto, (max-width: 2560px) 100vw, 2560px\" \/><\/div><\/a>\n\t\t\t\t<div class=\"elementor-post__text\">\n\t\t\t\t<h3 class=\"elementor-post__title\">\n\t\t\t<a href=\"https:\/\/stbarthsofsweden.se\/fr\/beach\/plage-de-shell\/\" >\n\t\t\t\tPlage de Shell\t\t\t<\/a>\n\t\t<\/h3>\n\t\t\t\t<div class=\"elementor-post__excerpt\">\n\t\t\t<p>Shell Beach est la plage de la ville de Gustavia. Vous y trouverez un charmant bar-restaurant et la plage est bord\u00e9e de coquillages de diff\u00e9rentes formes et couleurs. La plage\t\t<\/div>\n\t\t\n\t\t<a class=\"elementor-post__read-more\" href=\"https:\/\/stbarthsofsweden.se\/fr\/beach\/plage-de-shell\/\" aria-label=\"En savoir plus sur Plage de Shell\" tabindex=\"-1\" >\n\t\t\tLire la suite \"\t\t<\/a>\n\n\t\t\t\t<\/div>\n\t\t\t\t\t<\/div>\n\t\t<\/article>\n\t\t\t\t<article class=\"elementor-post elementor-grid-item post-751 beach type-beach status-publish has-post-thumbnail hentry image-placement-centre\" role=\"listitem\">\n\t\t\t<div class=\"elementor-post__card\">\n\t\t\t\t<a class=\"elementor-post__thumbnail__link\" href=\"https:\/\/stbarthsofsweden.se\/fr\/beach\/plage-de-saint-jean\/\" tabindex=\"-1\" ><div class=\"elementor-post__thumbnail\"><img loading=\"lazy\" decoding=\"async\" width=\"2560\" height=\"1920\" src=\"https:\/\/stbarthsofsweden.se\/wp-content\/uploads\/31.-St-Jean-scaled.webp\" class=\"attachment-medium size-medium wp-image-752\" alt=\"Plage de Saint-Jean\" srcset=\"https:\/\/stbarthsofsweden.se\/wp-content\/uploads\/31.-St-Jean-scaled.webp 2560w, https:\/\/stbarthsofsweden.se\/wp-content\/uploads\/31.-St-Jean-768x576.webp 768w, https:\/\/stbarthsofsweden.se\/wp-content\/uploads\/31.-St-Jean-1536x1152.webp 1536w, https:\/\/stbarthsofsweden.se\/wp-content\/uploads\/31.-St-Jean-2048x1536.webp 2048w\" sizes=\"auto, (max-width: 2560px) 100vw, 2560px\" \/><\/div><\/a>\n\t\t\t\t<div class=\"elementor-post__text\">\n\t\t\t\t<h3 class=\"elementor-post__title\">\n\t\t\t<a href=\"https:\/\/stbarthsofsweden.se\/fr\/beach\/plage-de-saint-jean\/\" >\n\t\t\t\tPlage de Saint-Jean\t\t\t<\/a>\n\t\t<\/h3>\n\t\t\t\t<div class=\"elementor-post__excerpt\">\n\t\t\t<p>On dit souvent que la plage de Saint-Jean est la plus proche de l&rsquo;atmosph\u00e8re de la Riviera \u00e0 Saint-Barth. La baie offre d&rsquo;excellentes conditions pour la voile et la planche\t\t<\/div>\n\t\t\n\t\t<a class=\"elementor-post__read-more\" href=\"https:\/\/stbarthsofsweden.se\/fr\/beach\/plage-de-saint-jean\/\" aria-label=\"En savoir plus sur Plage de Saint-Jean\" tabindex=\"-1\" >\n\t\t\tLire la suite \"\t\t<\/a>\n\n\t\t\t\t<\/div>\n\t\t\t\t\t<\/div>\n\t\t<\/article>\n\t\t\t\t<\/div>\n\t\t\t\t\t<span class=\"e-load-more-spinner\">\n\t\t\t\t<svg aria-hidden=\"true\" class=\"e-font-icon-svg e-fas-spinner\" viewBox=\"0 0 512 512\" xmlns=\"http:\/\/www.w3.org\/2000\/svg\"><path d=\"M304 48c0 26.51-21.49 48-48 48s-48-21.49-48-48 21.49-48 48-48 48 21.49 48 48zm-48 368c-26.51 0-48 21.49-48 48s21.49 48 48 48 48-21.49 48-48-21.49-48-48-48zm208-208c-26.51 0-48 21.49-48 48s21.49 48 48 48 48-21.49 48-48-21.49-48-48-48zM96 256c0-26.51-21.49-48-48-48S0 229.49 0 256s21.49 48 48 48 48-21.49 48-48zm12.922 99.078c-26.51 0-48 21.49-48 48s21.49 48 48 48 48-21.49 48-48c0-26.509-21.491-48-48-48zm294.156 0c-26.51 0-48 21.49-48 48s21.49 48 48 48 48-21.49 48-48c0-26.509-21.49-48-48-48zM108.922 60.922c-26.51 0-48 21.49-48 48s21.49 48 48 48 48-21.49 48-48-21.491-48-48-48z\"><\/path><\/svg>\t\t\t<\/span>\n\t\t\n\t\t\t\t\t\t<\/div>\n\t\t\t\t<\/div>\n\t\t\t\t\t<\/div>\n\t\t\t\t<\/div>\n\t\t\t\t<\/div>\n\t\t","protected":false},"excerpt":{"rendered":"<p>Plages de St. Barths<\/p>\n","protected":false},"author":2,"featured_media":0,"parent":0,"menu_order":0,"comment_status":"closed","ping_status":"closed","template":"","meta":{"_acf_changed":false,"footnotes":""},"class_list":["post-645","page","type-page","status-publish","hentry"],"acf":[],"_links":{"self":[{"href":"https:\/\/stbarthsofsweden.se\/fr\/wp-json\/wp\/v2\/pages\/645","targetHints":{"allow":["GET"]}}],"collection":[{"href":"https:\/\/stbarthsofsweden.se\/fr\/wp-json\/wp\/v2\/pages"}],"about":[{"href":"https:\/\/stbarthsofsweden.se\/fr\/wp-json\/wp\/v2\/types\/page"}],"author":[{"embeddable":true,"href":"https:\/\/stbarthsofsweden.se\/fr\/wp-json\/wp\/v2\/users\/2"}],"replies":[{"embeddable":true,"href":"https:\/\/stbarthsofsweden.se\/fr\/wp-json\/wp\/v2\/comments?post=645"}],"version-history":[{"count":3,"href":"https:\/\/stbarthsofsweden.se\/fr\/wp-json\/wp\/v2\/pages\/645\/revisions"}],"predecessor-version":[{"id":1044,"href":"https:\/\/stbarthsofsweden.se\/fr\/wp-json\/wp\/v2\/pages\/645\/revisions\/1044"}],"wp:attachment":[{"href":"https:\/\/stbarthsofsweden.se\/fr\/wp-json\/wp\/v2\/media?parent=645"}],"curies":[{"name":"wp","href":"https:\/\/api.w.org\/{rel}","templated":true}]}}